{"id":436,"date":"2025-06-09T09:18:49","date_gmt":"2025-06-09T07:18:49","guid":{"rendered":"https:\/\/www.skonfargaregarden.se\/meetings-events\/"},"modified":"2025-07-03T12:26:06","modified_gmt":"2025-07-03T10:26:06","slug":"meetings-events","status":"publish","type":"page","link":"https:\/\/www.skonfargaregarden.se\/en\/meetings-events\/","title":{"rendered":"Meetings &amp; Events"},"content":{"rendered":"","protected":false},"excerpt":{"rendered":"","protected":false},"author":1,"featured_media":0,"parent":0,"menu_order":0,"comment_status":"closed","ping_status":"closed","template":"","meta":{"_acf_changed":false,"footnotes":""},"class_list":["post-436","page","type-page","status-publish","hentry"],"acf":[],"yoast_head":"<!-- This site is optimized with the Yoast SEO plugin v27.4 - https:\/\/yoast.com\/product\/yoast-seo-wordpress\/ -->\n<title>Meetings &amp; Events - Sk\u00f6nf\u00e4rgareg\u00e5rden<\/title>\n<meta name=\"robots\" content=\"index, follow, max-snippet:-1, max-image-preview:large, max-video-preview:-1\" \/>\n<link rel=\"canonical\" href=\"https:\/\/www.skonfargaregarden.se\/moten-event\/\" \/>\n<meta property=\"og:locale\" content=\"en_US\" \/>\n<meta property=\"og:type\" content=\"article\" \/>\n<meta property=\"og:title\" content=\"Meetings &amp; Events - Sk\u00f6nf\u00e4rgareg\u00e5rden\" \/>\n<meta property=\"og:url\" content=\"https:\/\/www.skonfargaregarden.se\/moten-event\/\" \/>\n<meta property=\"og:site_name\" content=\"Sk\u00f6nf\u00e4rgareg\u00e5rden\" \/>\n<meta property=\"article:publisher\" content=\"https:\/\/www.facebook.com\/skonfargaregarden\" \/>\n<meta property=\"article:modified_time\" content=\"2025-07-03T10:26:06+00:00\" \/>\n<meta property=\"og:image\" content=\"https:\/\/www.skonfargaregarden.se\/custom\/uploads\/2025\/06\/Foto-2025-05-13-17-30-29.jpg\" \/>\n\t<meta property=\"og:image:width\" content=\"1920\" \/>\n\t<meta property=\"og:image:height\" content=\"1280\" \/>\n\t<meta property=\"og:image:type\" content=\"image\/jpeg\" \/>\n<meta name=\"twitter:card\" content=\"summary_large_image\" \/>\n<script type=\"application\/ld+json\" class=\"yoast-schema-graph\">{\"@context\":\"https:\\\/\\\/schema.org\",\"@graph\":[{\"@type\":\"WebPage\",\"@id\":\"https:\\\/\\\/www.skonfargaregarden.se\\\/moten-event\\\/\",\"url\":\"https:\\\/\\\/www.skonfargaregarden.se\\\/moten-event\\\/\",\"name\":\"Meetings &amp; Events - Sk\u00f6nf\u00e4rgareg\u00e5rden\",\"isPartOf\":{\"@id\":\"https:\\\/\\\/www.skonfargaregarden.se\\\/#website\"},\"datePublished\":\"2025-06-09T07:18:49+00:00\",\"dateModified\":\"2025-07-03T10:26:06+00:00\",\"breadcrumb\":{\"@id\":\"https:\\\/\\\/www.skonfargaregarden.se\\\/moten-event\\\/#breadcrumb\"},\"inLanguage\":\"en-US\",\"potentialAction\":[{\"@type\":\"ReadAction\",\"target\":[\"https:\\\/\\\/www.skonfargaregarden.se\\\/moten-event\\\/\"]}]},{\"@type\":\"BreadcrumbList\",\"@id\":\"https:\\\/\\\/www.skonfargaregarden.se\\\/moten-event\\\/#breadcrumb\",\"itemListElement\":[{\"@type\":\"ListItem\",\"position\":1,\"name\":\"Hem\",\"item\":\"https:\\\/\\\/www.skonfargaregarden.se\\\/en\\\/\"},{\"@type\":\"ListItem\",\"position\":2,\"name\":\"Meetings &amp; Events\"}]},{\"@type\":\"WebSite\",\"@id\":\"https:\\\/\\\/www.skonfargaregarden.se\\\/#website\",\"url\":\"https:\\\/\\\/www.skonfargaregarden.se\\\/\",\"name\":\"Sk\u00f6nf\u00e4rgareg\u00e5rden\",\"description\":\"Charmig v\u00e5ffelstuga och inredningsbutik\",\"publisher\":{\"@id\":\"https:\\\/\\\/www.skonfargaregarden.se\\\/#organization\"},\"potentialAction\":[{\"@type\":\"SearchAction\",\"target\":{\"@type\":\"EntryPoint\",\"urlTemplate\":\"https:\\\/\\\/www.skonfargaregarden.se\\\/?s={search_term_string}\"},\"query-input\":{\"@type\":\"PropertyValueSpecification\",\"valueRequired\":true,\"valueName\":\"search_term_string\"}}],\"inLanguage\":\"en-US\"},{\"@type\":\"Organization\",\"@id\":\"https:\\\/\\\/www.skonfargaregarden.se\\\/#organization\",\"name\":\"Sk\u00f6nf\u00e4rgareg\u00e5rden\",\"url\":\"https:\\\/\\\/www.skonfargaregarden.se\\\/\",\"logo\":{\"@type\":\"ImageObject\",\"inLanguage\":\"en-US\",\"@id\":\"https:\\\/\\\/www.skonfargaregarden.se\\\/#\\\/schema\\\/logo\\\/image\\\/\",\"url\":\"https:\\\/\\\/www.skonfargaregarden.se\\\/custom\\\/uploads\\\/2025\\\/07\\\/logo.png\",\"contentUrl\":\"https:\\\/\\\/www.skonfargaregarden.se\\\/custom\\\/uploads\\\/2025\\\/07\\\/logo.png\",\"width\":1920,\"height\":1409,\"caption\":\"Sk\u00f6nf\u00e4rgareg\u00e5rden\"},\"image\":{\"@id\":\"https:\\\/\\\/www.skonfargaregarden.se\\\/#\\\/schema\\\/logo\\\/image\\\/\"},\"sameAs\":[\"https:\\\/\\\/www.facebook.com\\\/skonfargaregarden\",\"https:\\\/\\\/www.instagram.com\\\/Skonfargaregarden\",\"https:\\\/\\\/www.tiktok.com\\\/@sknfrgaregrden\"]}]}<\/script>\n<!-- \/ Yoast SEO plugin. -->","yoast_head_json":{"title":"Meetings &amp; Events - Sk\u00f6nf\u00e4rgareg\u00e5rden","robots":{"index":"index","follow":"follow","max-snippet":"max-snippet:-1","max-image-preview":"max-image-preview:large","max-video-preview":"max-video-preview:-1"},"canonical":"https:\/\/www.skonfargaregarden.se\/moten-event\/","og_locale":"en_US","og_type":"article","og_title":"Meetings &amp; Events - Sk\u00f6nf\u00e4rgareg\u00e5rden","og_url":"https:\/\/www.skonfargaregarden.se\/moten-event\/","og_site_name":"Sk\u00f6nf\u00e4rgareg\u00e5rden","article_publisher":"https:\/\/www.facebook.com\/skonfargaregarden","article_modified_time":"2025-07-03T10:26:06+00:00","og_image":[{"width":1920,"height":1280,"url":"https:\/\/www.skonfargaregarden.se\/custom\/uploads\/2025\/06\/Foto-2025-05-13-17-30-29.jpg","type":"image\/jpeg"}],"twitter_card":"summary_large_image","schema":{"@context":"https:\/\/schema.org","@graph":[{"@type":"WebPage","@id":"https:\/\/www.skonfargaregarden.se\/moten-event\/","url":"https:\/\/www.skonfargaregarden.se\/moten-event\/","name":"Meetings &amp; Events - Sk\u00f6nf\u00e4rgareg\u00e5rden","isPartOf":{"@id":"https:\/\/www.skonfargaregarden.se\/#website"},"datePublished":"2025-06-09T07:18:49+00:00","dateModified":"2025-07-03T10:26:06+00:00","breadcrumb":{"@id":"https:\/\/www.skonfargaregarden.se\/moten-event\/#breadcrumb"},"inLanguage":"en-US","potentialAction":[{"@type":"ReadAction","target":["https:\/\/www.skonfargaregarden.se\/moten-event\/"]}]},{"@type":"BreadcrumbList","@id":"https:\/\/www.skonfargaregarden.se\/moten-event\/#breadcrumb","itemListElement":[{"@type":"ListItem","position":1,"name":"Hem","item":"https:\/\/www.skonfargaregarden.se\/en\/"},{"@type":"ListItem","position":2,"name":"Meetings &amp; Events"}]},{"@type":"WebSite","@id":"https:\/\/www.skonfargaregarden.se\/#website","url":"https:\/\/www.skonfargaregarden.se\/","name":"Sk\u00f6nf\u00e4rgareg\u00e5rden","description":"Charmig v\u00e5ffelstuga och inredningsbutik","publisher":{"@id":"https:\/\/www.skonfargaregarden.se\/#organization"},"potentialAction":[{"@type":"SearchAction","target":{"@type":"EntryPoint","urlTemplate":"https:\/\/www.skonfargaregarden.se\/?s={search_term_string}"},"query-input":{"@type":"PropertyValueSpecification","valueRequired":true,"valueName":"search_term_string"}}],"inLanguage":"en-US"},{"@type":"Organization","@id":"https:\/\/www.skonfargaregarden.se\/#organization","name":"Sk\u00f6nf\u00e4rgareg\u00e5rden","url":"https:\/\/www.skonfargaregarden.se\/","logo":{"@type":"ImageObject","inLanguage":"en-US","@id":"https:\/\/www.skonfargaregarden.se\/#\/schema\/logo\/image\/","url":"https:\/\/www.skonfargaregarden.se\/custom\/uploads\/2025\/07\/logo.png","contentUrl":"https:\/\/www.skonfargaregarden.se\/custom\/uploads\/2025\/07\/logo.png","width":1920,"height":1409,"caption":"Sk\u00f6nf\u00e4rgareg\u00e5rden"},"image":{"@id":"https:\/\/www.skonfargaregarden.se\/#\/schema\/logo\/image\/"},"sameAs":["https:\/\/www.facebook.com\/skonfargaregarden","https:\/\/www.instagram.com\/Skonfargaregarden","https:\/\/www.tiktok.com\/@sknfrgaregrden"]}]}},"_links":{"self":[{"href":"https:\/\/www.skonfargaregarden.se\/en\/wp-json\/wp\/v2\/pages\/436","targetHints":{"allow":["GET"]}}],"collection":[{"href":"https:\/\/www.skonfargaregarden.se\/en\/wp-json\/wp\/v2\/pages"}],"about":[{"href":"https:\/\/www.skonfargaregarden.se\/en\/wp-json\/wp\/v2\/types\/page"}],"author":[{"embeddable":true,"href":"https:\/\/www.skonfargaregarden.se\/en\/wp-json\/wp\/v2\/users\/1"}],"replies":[{"embeddable":true,"href":"https:\/\/www.skonfargaregarden.se\/en\/wp-json\/wp\/v2\/comments?post=436"}],"version-history":[{"count":1,"href":"https:\/\/www.skonfargaregarden.se\/en\/wp-json\/wp\/v2\/pages\/436\/revisions"}],"predecessor-version":[{"id":472,"href":"https:\/\/www.skonfargaregarden.se\/en\/wp-json\/wp\/v2\/pages\/436\/revisions\/472"}],"wp:attachment":[{"href":"https:\/\/www.skonfargaregarden.se\/en\/wp-json\/wp\/v2\/media?parent=436"}],"curies":[{"name":"wp","href":"https:\/\/api.w.org\/{rel}","templated":true}]}}